{"id":83,"date":"2024-12-30T23:07:28","date_gmt":"2024-12-31T02:07:28","guid":{"rendered":"https:\/\/cie.unsl.edu.ar\/?page_id=83"},"modified":"2024-12-30T23:28:18","modified_gmt":"2024-12-31T02:28:18","slug":"servicios","status":"publish","type":"page","link":"https:\/\/cie.unsl.edu.ar\/index.php\/servicios\/","title":{"rendered":"Servicios"},"content":{"rendered":"\n<p><\/p>\n\n\n\n<h2 class=\"wp-block-heading\"><strong>Revista Digital Docentes Conectados<\/strong><\/h2>\n\n\n\n<div class=\"wp-block-group is-nowrap is-layout-flex wp-container-core-group-is-layout-ad2f72ca wp-block-group-is-layout-flex\">\n<p>Administramos y editamos la revista digital Docentes Conectados, una edici\u00f3n bianual que publica experiencias, investigaciones, entrevistas y art\u00edculos cient\u00edficos relacionados a la inclusi\u00f3n de tecnolog\u00edas en pr\u00e1cticas educativas<\/p>\n\n\n\n<figure class=\"wp-block-image size-full is-resized\"><img loading=\"lazy\" decoding=\"async\" width=\"688\" height=\"552\" src=\"https:\/\/cie.unsl.edu.ar\/wp-content\/uploads\/2023\/02\/LOGO.jpg\" alt=\"\" class=\"wp-image-50\" style=\"width:273px;height:auto\" srcset=\"https:\/\/cie.unsl.edu.ar\/wp-content\/uploads\/2023\/02\/LOGO.jpg 688w, https:\/\/cie.unsl.edu.ar\/wp-content\/uploads\/2023\/02\/LOGO-300x241.jpg 300w\" sizes=\"auto, (max-width: 688px) 100vw, 688px\" \/><\/figure>\n<\/div>\n\n\n\n<div class=\"wp-block-group\"><div class=\"wp-block-group__inner-container is-layout-constrained wp-block-group-is-layout-constrained\">\n<div class=\"wp-block-columns is-layout-flex wp-container-core-columns-is-layout-9d6595d7 wp-block-columns-is-layout-flex\">\n<div class=\"wp-block-column is-layout-flow wp-block-column-is-layout-flow\" style=\"flex-basis:100%\">\n<div class=\"wp-block-buttons is-content-justification-center is-layout-flex wp-container-core-buttons-is-layout-16018d1d wp-block-buttons-is-layout-flex\">\n<div class=\"wp-block-button is-style-outline is-style-outline--1\"><a class=\"wp-block-button__link wp-element-button\" href=\"https:\/\/docentesconectados.unsl.edu.ar\">Ir a la Revista Docentes Conectados<\/a><\/div>\n<\/div>\n<\/div>\n<\/div>\n<\/div><\/div>\n\n\n\n<h2 class=\"wp-block-heading\"><strong>Revista de Investigaci\u00f3n y Disciplinas<\/strong><\/h2>\n\n\n\n<div class=\"wp-block-group is-nowrap is-layout-flex wp-container-core-group-is-layout-ad2f72ca wp-block-group-is-layout-flex\">\n<p>Administramos la publicaci\u00f3n de la Revista de Investigaci\u00f3n y Disciplinas, tiene el prop\u00f3sito de ser una publicaci\u00f3n sobre Investigaci\u00f3n desde los diversos campos disciplinares. La revista se interesa en la difusi\u00f3n de art\u00edculos en todas las \u00e1reas de la Investigaci\u00f3n referidas a problem\u00e1ticas te\u00f3ricas y\/o emp\u00edricas <\/p>\n\n\n\n<figure class=\"wp-block-image size-full is-resized\"><img loading=\"lazy\" decoding=\"async\" width=\"800\" height=\"800\" src=\"https:\/\/cie.unsl.edu.ar\/wp-content\/uploads\/2023\/02\/logo.png\" alt=\"\" class=\"wp-image-70\" style=\"width:285px;height:auto\" srcset=\"https:\/\/cie.unsl.edu.ar\/wp-content\/uploads\/2023\/02\/logo.png 800w, https:\/\/cie.unsl.edu.ar\/wp-content\/uploads\/2023\/02\/logo-300x300.png 300w, https:\/\/cie.unsl.edu.ar\/wp-content\/uploads\/2023\/02\/logo-150x150.png 150w, https:\/\/cie.unsl.edu.ar\/wp-content\/uploads\/2023\/02\/logo-768x768.png 768w\" sizes=\"auto, (max-width: 800px) 100vw, 800px\" \/><\/figure>\n<\/div>\n\n\n\n<div class=\"wp-block-group\"><div class=\"wp-block-group__inner-container is-layout-constrained wp-block-group-is-layout-constrained\">\n<div class=\"wp-block-buttons is-content-justification-center is-layout-flex wp-container-core-buttons-is-layout-16018d1d wp-block-buttons-is-layout-flex\">\n<div class=\"wp-block-button\"><a class=\"wp-block-button__link wp-element-button\" href=\"https:\/\/revid.unsl.edu.ar\">Ir a la Revista de Investigaci\u00f3n y Disciplinas<\/a><\/div>\n<\/div>\n<\/div><\/div>\n\n\n\n<p><\/p>\n","protected":false},"excerpt":{"rendered":"<p>Revista Digital Docentes Conectados Administramos y editamos la revista digital Docentes Conectados, una edici\u00f3n bianual que publica experiencias, investigaciones, entrevistas y art\u00edculos cient\u00edficos relacionados a la inclusi\u00f3n de tecnolog\u00edas en pr\u00e1cticas educativas Revista de Investigaci\u00f3n y Disciplinas Administramos la publicaci\u00f3n de la Revista de Investigaci\u00f3n y Disciplinas, tiene el prop\u00f3sito de ser una publicaci\u00f3n sobre &#8230; <a title=\"Servicios\" class=\"read-more\" href=\"https:\/\/cie.unsl.edu.ar\/index.php\/servicios\/\" aria-label=\"M\u00e1s en Servicios\">Leer m\u00e1s<\/a><\/p>\n","protected":false},"author":1,"featured_media":0,"parent":0,"menu_order":0,"comment_status":"closed","ping_status":"closed","template":"","meta":{"footnotes":""},"class_list":["post-83","page","type-page","status-publish"],"_links":{"self":[{"href":"https:\/\/cie.unsl.edu.ar\/index.php\/wp-json\/wp\/v2\/pages\/83","targetHints":{"allow":["GET"]}}],"collection":[{"href":"https:\/\/cie.unsl.edu.ar\/index.php\/wp-json\/wp\/v2\/pages"}],"about":[{"href":"https:\/\/cie.unsl.edu.ar\/index.php\/wp-json\/wp\/v2\/types\/page"}],"author":[{"embeddable":true,"href":"https:\/\/cie.unsl.edu.ar\/index.php\/wp-json\/wp\/v2\/users\/1"}],"replies":[{"embeddable":true,"href":"https:\/\/cie.unsl.edu.ar\/index.php\/wp-json\/wp\/v2\/comments?post=83"}],"version-history":[{"count":5,"href":"https:\/\/cie.unsl.edu.ar\/index.php\/wp-json\/wp\/v2\/pages\/83\/revisions"}],"predecessor-version":[{"id":97,"href":"https:\/\/cie.unsl.edu.ar\/index.php\/wp-json\/wp\/v2\/pages\/83\/revisions\/97"}],"wp:attachment":[{"href":"https:\/\/cie.unsl.edu.ar\/index.php\/wp-json\/wp\/v2\/media?parent=83"}],"curies":[{"name":"wp","href":"https:\/\/api.w.org\/{rel}","templated":true}]}}