{"id":80,"date":"2024-12-30T22:53:39","date_gmt":"2024-12-31T01:53:39","guid":{"rendered":"https:\/\/cie.unsl.edu.ar\/?page_id=80"},"modified":"2024-12-30T23:14:52","modified_gmt":"2024-12-31T02:14:52","slug":"inicio","status":"publish","type":"page","link":"https:\/\/cie.unsl.edu.ar\/","title":{"rendered":"Inicio"},"content":{"rendered":"\n<p>La idea directriz del Centro de Inform\u00e1tica Educativa ha sido, desde sus inicios, promover la utilizaci\u00f3n de la computadora en la Escuela como herramienta cient\u00edfico &#8211; tecnol\u00f3gica con una finalidad esencialmente pedag\u00f3gica, orientadora del &#8220;saber saber&#8221; y del &#8220;saber hacer&#8221;, con el objeto de contribuir con el mejoramiento de la calidad de la Educaci\u00f3n, basada en el trabajo interdisciplinario.<\/p>\n","protected":false},"excerpt":{"rendered":"<p>La idea directriz del Centro de Inform\u00e1tica Educativa ha sido, desde sus inicios, promover la utilizaci\u00f3n de la computadora en la Escuela como herramienta cient\u00edfico &#8211; tecnol\u00f3gica con una finalidad esencialmente pedag\u00f3gica, orientadora del &#8220;saber saber&#8221; y del &#8220;saber hacer&#8221;, con el objeto de contribuir con el mejoramiento de la calidad de la Educaci\u00f3n, basada &#8230; <a title=\"Inicio\" class=\"read-more\" href=\"https:\/\/cie.unsl.edu.ar\/\" aria-label=\"M\u00e1s en Inicio\">Leer m\u00e1s<\/a><\/p>\n","protected":false},"author":1,"featured_media":0,"parent":0,"menu_order":0,"comment_status":"closed","ping_status":"closed","template":"","meta":{"footnotes":""},"class_list":["post-80","page","type-page","status-publish"],"_links":{"self":[{"href":"https:\/\/cie.unsl.edu.ar\/index.php\/wp-json\/wp\/v2\/pages\/80","targetHints":{"allow":["GET"]}}],"collection":[{"href":"https:\/\/cie.unsl.edu.ar\/index.php\/wp-json\/wp\/v2\/pages"}],"about":[{"href":"https:\/\/cie.unsl.edu.ar\/index.php\/wp-json\/wp\/v2\/types\/page"}],"author":[{"embeddable":true,"href":"https:\/\/cie.unsl.edu.ar\/index.php\/wp-json\/wp\/v2\/users\/1"}],"replies":[{"embeddable":true,"href":"https:\/\/cie.unsl.edu.ar\/index.php\/wp-json\/wp\/v2\/comments?post=80"}],"version-history":[{"count":1,"href":"https:\/\/cie.unsl.edu.ar\/index.php\/wp-json\/wp\/v2\/pages\/80\/revisions"}],"predecessor-version":[{"id":81,"href":"https:\/\/cie.unsl.edu.ar\/index.php\/wp-json\/wp\/v2\/pages\/80\/revisions\/81"}],"wp:attachment":[{"href":"https:\/\/cie.unsl.edu.ar\/index.php\/wp-json\/wp\/v2\/media?parent=80"}],"curies":[{"name":"wp","href":"https:\/\/api.w.org\/{rel}","templated":true}]}}